{"id":1486,"date":"2020-12-20T15:30:04","date_gmt":"2020-12-20T14:30:04","guid":{"rendered":"http:\/\/rcds-bonn.de\/?page_id=1486"},"modified":"2026-04-28T20:58:18","modified_gmt":"2026-04-28T18:58:18","slug":"start","status":"publish","type":"page","link":"https:\/\/rcds-bonn.de\/?page_id=1486","title":{"rendered":"Start"},"content":{"rendered":"<p>[et_pb_section fb_built=&#8220;1&#8243; _builder_version=&#8220;4.14.5&#8243; _module_preset=&#8220;default&#8220; background_color=&#8220;#FFFFFF&#8220; use_background_color_gradient=&#8220;on&#8220; background_color_gradient_start=&#8220;#ffffff&#8220; background_color_gradient_end=&#8220;rgba(12,113,195,0.47)&#8220; custom_padding=&#8220;4px|||||&#8220; global_colors_info=&#8220;{}&#8220;][et_pb_row _builder_version=&#8220;4.14.5&#8243; _module_preset=&#8220;default&#8220; background_color=&#8220;#0C71C3&#8243; min_height=&#8220;331.2px&#8220; custom_margin=&#8220;|auto|-3px|auto||&#8220; custom_padding=&#8220;9px||2px|||&#8220; global_colors_info=&#8220;{}&#8220;][et_pb_column type=&#8220;4_4&#8243; admin_label=&#8220;Spalte&#8220; _builder_version=&#8220;4.14.5&#8243; _module_preset=&#8220;default&#8220; global_colors_info=&#8220;{}&#8220;][et_pb_slider use_bg_overlay=&#8220;on&#8220; admin_label=&#8220;Slider&#8220; _builder_version=&#8220;4.14.5&#8243; _module_preset=&#8220;default&#8220; background_color=&#8220;#0C71C3&#8243; background_enable_image=&#8220;off&#8220; min_height=&#8220;538.2px&#8220; custom_margin=&#8220;||-2px|||&#8220; custom_padding=&#8220;24px||0px|||&#8220; link_option_url=&#8220;https:\/\/rcds-bonn.de\/senatswahl-2024\/&#8220; border_radii_image=&#8220;off||||&#8220; global_colors_info=&#8220;{}&#8220;][et_pb_slide heading=&#8220;Austausch mit der UHG&#8220; image=&#8220;https:\/\/rcds-bonn.de\/wp-content\/uploads\/2024\/07\/4762d6a0-0f3c-4b26-976a-5eb06d93f01c.jpg&#8220; _builder_version=&#8220;4.14.5&#8243; _module_preset=&#8220;default&#8220; global_colors_info=&#8220;{}&#8220; sticky_transition=&#8220;on&#8220;]<\/p>\n<p>\u201eIm Austausch mit der Ukrainischen Hochschulgruppe (UHG) haben wir gemeinsame Ideen entwickelt, um ukrainische Studierende bestm\u00f6glich zu unterst\u00fctzen und zu f\u00f6rdern.&#8220;<\/p>\n<p>[\/et_pb_slide][et_pb_slide heading=&#8220;M\u00fcnsterf\u00fchrung&#8220; image=&#8220;https:\/\/rcds-bonn.de\/wp-content\/uploads\/2024\/07\/ff347390-f600-4026-bb9b-a4a6d1aef7c9.jpg&#8220; _builder_version=&#8220;4.14.5&#8243; _module_preset=&#8220;default&#8220; global_colors_info=&#8220;{}&#8220; sticky_transition=&#8220;on&#8220;]<\/p>\n<p>Bei der M\u00fcnsterf\u00fchrung in Bonn erkunden wir die historische Basilika und ihre beeindruckende Architektur. Erfahre spannende Hintergr\u00fcnde zur Geschichte und Bedeutung dieses bedeutenden Bauwerks.<\/p>\n<p>[\/et_pb_slide][\/et_pb_slider][\/et_pb_column][\/et_pb_row][et_pb_row column_structure=&#8220;1_2,1_2&#8243; _builder_version=&#8220;4.14.5&#8243; _module_preset=&#8220;default&#8220; min_height=&#8220;86px&#8220; custom_margin=&#8220;19px|auto||auto||&#8220; global_colors_info=&#8220;{}&#8220;][et_pb_column type=&#8220;1_2&#8243; _builder_version=&#8220;4.14.5&#8243; _module_preset=&#8220;default&#8220; global_colors_info=&#8220;{}&#8220;][et_pb_image src=&#8220;http:\/\/rcds-bonn.de\/wp-content\/uploads\/2020\/12\/Bildschirmfoto-2020-12-31-um-13.16.21.png&#8220; title_text=&#8220;Bildschirmfoto 2020-12-31 um 13.16.21&#8243; _builder_version=&#8220;4.14.5&#8243; _module_preset=&#8220;default&#8220; min_height=&#8220;204.6px&#8220; custom_margin=&#8220;6px|-30px|34px|||&#8220; custom_padding=&#8220;0px|||||&#8220; global_colors_info=&#8220;{}&#8220;][\/et_pb_image][\/et_pb_column][et_pb_column type=&#8220;1_2&#8243; _builder_version=&#8220;4.14.5&#8243; _module_preset=&#8220;default&#8220; global_colors_info=&#8220;{}&#8220;][et_pb_text _builder_version=&#8220;4.14.5&#8243; _module_preset=&#8220;default&#8220; custom_margin=&#8220;2px|||||&#8220; custom_padding=&#8220;0px||0px|||&#8220; inline_fonts=&#8220;CDU&#8220; global_colors_info=&#8220;{}&#8220;]<\/p>\n<p><span style=\"font-size: large;\"><span style=\"color: #000000; font-family: CDU;\">Herzlich <\/span><span style=\"color: #000000;\">Willkommen auf unserer Website. Wir sind der RCDS Bonn e.V., deine politische Hochschulgruppe f\u00fcr pragmatische Hochschulpolitik und spannende Veranstaltungen! In den universit\u00e4ren Gremien und in der Stadt setzen wir uns f\u00fcr Bonner Studentinnen und Studenten ein. Unsere Dachverb\u00e4nde, der <\/span><a href=\"https:\/\/www.rcds-nrw.de\/\" style=\"color: #000000; font-family: CDU;\">RCDS NRW<\/a><span style=\"color: #000000;\"> und der <\/span><a href=\"https:\/\/www.rcds.de\/\" style=\"color: #000000; font-family: CDU;\">RCDS Bundesverband<\/a><span style=\"color: #000000; font-size: large;\"> sind immer in engstem Austausch mit den politischen Entscheidungstr\u00e4gern in Bonn, Berlin und Br\u00fcssel. So versuchen wir dir deinen Unialltag zu <\/span><span style=\"color: #000000; caret-color: #000000;\">erleichtern<\/span><span style=\"color: #000000; font-size: large;\"> und <span style=\"caret-color: #000000;\">dein<\/span>\u00a0Unileben zu bereichern.\u00a0<\/span><\/span><\/p>\n<p><span style=\"color: #000000; font-size: large; font-family: CDU;\">Daneben treffen wir uns regelm\u00e4\u00dfig zu lockeren Events. Hier auf der Website und auf unserer <a href=\"https:\/\/www.instagram.com\/rcdsbonn\/\">Insta<\/a>\u00a0bist du genau richtig!<\/span><\/p>\n<p>[\/et_pb_text][\/et_pb_column][\/et_pb_row][et_pb_row _builder_version=&#8220;4.14.5&#8243; _module_preset=&#8220;default&#8220; custom_margin=&#8220;|auto|19px|auto||&#8220; custom_padding=&#8220;||4px|||&#8220; global_colors_info=&#8220;{}&#8220;][et_pb_column type=&#8220;4_4&#8243; _builder_version=&#8220;4.14.5&#8243; _module_preset=&#8220;default&#8220; global_colors_info=&#8220;{}&#8220;][et_pb_video_slider _builder_version=&#8220;4.14.5&#8243; _module_preset=&#8220;default&#8220; global_colors_info=&#8220;{}&#8220;][\/et_pb_video_slider][et_pb_social_media_follow follow_button=&#8220;on&#8220; _builder_version=&#8220;4.14.5&#8243; _module_preset=&#8220;default&#8220; global_colors_info=&#8220;{}&#8220;][et_pb_social_media_follow_network social_network=&#8220;facebook&#8220; url=&#8220;https:\/\/www.facebook.com\/rcdsbonn&#8220; _builder_version=&#8220;4.14.5&#8243; _module_preset=&#8220;default&#8220; background_color=&#8220;#3b5998&#8243; global_colors_info=&#8220;{}&#8220; follow_button=&#8220;on&#8220; url_new_window=&#8220;on&#8220;]facebook[\/et_pb_social_media_follow_network][et_pb_social_media_follow_network social_network=&#8220;instagram&#8220; url=&#8220;https:\/\/www.instagram.com\/rcdsbonn&#8220; _builder_version=&#8220;4.14.5&#8243; _module_preset=&#8220;default&#8220; background_color=&#8220;#ea2c59&#8243; global_colors_info=&#8220;{}&#8220; follow_button=&#8220;on&#8220; url_new_window=&#8220;on&#8220;]instagram[\/et_pb_social_media_follow_network][\/et_pb_social_media_follow][et_pb_text _builder_version=&#8220;4.14.5&#8243; _module_preset=&#8220;default&#8220; global_colors_info=&#8220;{}&#8220;]<\/p>\n\r\n<div id=\"sb_instagram\"  class=\"sbi sbi_mob_col_1 sbi_tab_col_1 sbi_col_4 sbi_width_resp\" style=\"padding-bottom: 10px;\" data-feedid=\"*1\"  data-res=\"auto\" data-cols=\"4\" data-colsmobile=\"1\" data-colstablet=\"1\" data-num=\"8\" data-nummobile=\"6\" data-item-padding=\"5\" data-shortcode-atts=\"{&quot;feed&quot;:&quot;1&quot;,&quot;cachetime&quot;:30}\"  data-postid=\"1486\" data-locatornonce=\"c05d2edf01\" data-sbi-flags=\"favorLocal\">\r\n\t\r\n    <div id=\"sbi_images\"  style=\"gap: 10px;\">\r\n\t\t    <\/div>\r\n\r\n\t<div id=\"sbi_load\" >\r\n\r\n\t\r\n\t\t\t<span class=\"sbi_follow_btn sbi_custom\">\r\n        <a href=\"https:\/\/www.instagram.com\/17841405912347405\/\" style=\"background: rgb(64,139,209);\" target=\"_blank\" rel=\"nofollow noopener\">\r\n            <svg class=\"svg-inline--fa fa-instagram fa-w-14\" aria-hidden=\"true\" data-fa-processed=\"\" aria-label=\"Instagram\" data-prefix=\"fab\" data-icon=\"instagram\" role=\"img\" viewBox=\"0 0 448 512\">\n\t                <path fill=\"currentColor\" d=\"M224.1 141c-63.6 0-114.9 51.3-114.9 114.9s51.3 114.9 114.9 114.9S339 319.5 339 255.9 287.7 141 224.1 141zm0 189.6c-41.1 0-74.7-33.5-74.7-74.7s33.5-74.7 74.7-74.7 74.7 33.5 74.7 74.7-33.6 74.7-74.7 74.7zm146.4-194.3c0 14.9-12 26.8-26.8 26.8-14.9 0-26.8-12-26.8-26.8s12-26.8 26.8-26.8 26.8 12 26.8 26.8zm76.1 27.2c-1.7-35.9-9.9-67.7-36.2-93.9-26.2-26.2-58-34.4-93.9-36.2-37-2.1-147.9-2.1-184.9 0-35.8 1.7-67.6 9.9-93.9 36.1s-34.4 58-36.2 93.9c-2.1 37-2.1 147.9 0 184.9 1.7 35.9 9.9 67.7 36.2 93.9s58 34.4 93.9 36.2c37 2.1 147.9 2.1 184.9 0 35.9-1.7 67.7-9.9 93.9-36.2 26.2-26.2 34.4-58 36.2-93.9 2.1-37 2.1-147.8 0-184.8zM398.8 388c-7.8 19.6-22.9 34.7-42.6 42.6-29.5 11.7-99.5 9-132.1 9s-102.7 2.6-132.1-9c-19.6-7.8-34.7-22.9-42.6-42.6-11.7-29.5-9-99.5-9-132.1s-2.6-102.7 9-132.1c7.8-19.6 22.9-34.7 42.6-42.6 29.5-11.7 99.5-9 132.1-9s102.7-2.6 132.1 9c19.6 7.8 34.7 22.9 42.6 42.6 11.7 29.5 9 99.5 9 132.1s2.7 102.7-9 132.1z\"><\/path>\n\t            <\/svg>            <span>Auf Instagram folgen<\/span>\r\n        <\/a>\r\n    <\/span>\r\n\t\r\n<\/div>\r\n\r\n\t    <span class=\"sbi_resized_image_data\" data-feed-id=\"*1\" data-resized=\"[]\">\n\t<\/span>\n\t<\/div>\r\n\r\n\n<p>[\/et_pb_text][\/et_pb_column][\/et_pb_row][\/et_pb_section]<\/p>\n","protected":false},"excerpt":{"rendered":"<p>\u201eIm Austausch mit der Ukrainischen Hochschulgruppe (UHG) haben wir gemeinsame Ideen entwickelt, um ukrainische Studierende bestm\u00f6glich zu unterst\u00fctzen und zu f\u00f6rdern.&#8220;Bei der M\u00fcnsterf\u00fchrung in Bonn erkunden wir die historische Basilika und ihre beeindruckende Architektur. Erfahre spannende Hintergr\u00fcnde zur Geschichte und Bedeutung dieses bedeutenden Bauwerks.Herzlich Willkommen auf unserer Website. Wir sind der RCDS Bonn e.V., deine [&hellip;]<\/p>\n","protected":false},"author":1,"featured_media":0,"parent":0,"menu_order":0,"comment_status":"closed","ping_status":"closed","template":"","meta":{"_et_pb_use_builder":"on","_et_pb_old_content":"","_et_gb_content_width":"","footnotes":""},"class_list":["post-1486","page","type-page","status-publish","hentry"],"_links":{"self":[{"href":"https:\/\/rcds-bonn.de\/index.php?rest_route=\/wp\/v2\/pages\/1486","targetHints":{"allow":["GET"]}}],"collection":[{"href":"https:\/\/rcds-bonn.de\/index.php?rest_route=\/wp\/v2\/pages"}],"about":[{"href":"https:\/\/rcds-bonn.de\/index.php?rest_route=\/wp\/v2\/types\/page"}],"author":[{"embeddable":true,"href":"https:\/\/rcds-bonn.de\/index.php?rest_route=\/wp\/v2\/users\/1"}],"replies":[{"embeddable":true,"href":"https:\/\/rcds-bonn.de\/index.php?rest_route=%2Fwp%2Fv2%2Fcomments&post=1486"}],"version-history":[{"count":142,"href":"https:\/\/rcds-bonn.de\/index.php?rest_route=\/wp\/v2\/pages\/1486\/revisions"}],"predecessor-version":[{"id":2984,"href":"https:\/\/rcds-bonn.de\/index.php?rest_route=\/wp\/v2\/pages\/1486\/revisions\/2984"}],"wp:attachment":[{"href":"https:\/\/rcds-bonn.de\/index.php?rest_route=%2Fwp%2Fv2%2Fmedia&parent=1486"}],"curies":[{"name":"wp","href":"https:\/\/api.w.org\/{rel}","templated":true}]}}