{"id":2177,"date":"2021-03-26T22:30:18","date_gmt":"2021-03-26T21:30:18","guid":{"rendered":"http:\/\/rcds-bonn.de\/?page_id=2177"},"modified":"2024-07-30T15:39:34","modified_gmt":"2024-07-30T13:39:34","slug":"veranstaltungen","status":"publish","type":"page","link":"https:\/\/rcds-bonn.de\/?page_id=2177","title":{"rendered":"Veranstaltungen"},"content":{"rendered":"<p>[et_pb_section fb_built=&#8220;1&#8243; _builder_version=&#8220;4.7.7&#8243; _module_preset=&#8220;default&#8220; use_background_color_gradient=&#8220;on&#8220; background_color_gradient_start=&#8220;#ffffff&#8220; background_color_gradient_end=&#8220;rgba(12,113,195,0.47)&#8220; global_colors_info=&#8220;{}&#8220;][et_pb_row admin_label=&#8220;Zeile&#8220; _builder_version=&#8220;4.14.5&#8243; _module_preset=&#8220;default&#8220; global_colors_info=&#8220;{}&#8220;][et_pb_column type=&#8220;4_4&#8243; admin_label=&#8220;Spalte&#8220; _builder_version=&#8220;4.14.5&#8243; _module_preset=&#8220;default&#8220; global_colors_info=&#8220;{}&#8220;][dsm_text_divider header=&#8220;2024&#8243; text_alignment=&#8220;left&#8220; color=&#8220;#0c71c3&#8243; admin_label=&#8220;Supreme Text Divider&#8220; _builder_version=&#8220;4.14.5&#8243; _module_preset=&#8220;default&#8220; header_font_size=&#8220;35px&#8220; custom_margin=&#8220;|-447px||||&#8220; global_colors_info=&#8220;{}&#8220;][\/dsm_text_divider][\/et_pb_column][\/et_pb_row][et_pb_row _builder_version=&#8220;4.14.5&#8243; _module_preset=&#8220;default&#8220; column_structure=&#8220;1_3,1_3,1_3&#8243;][et_pb_column _builder_version=&#8220;4.14.5&#8243; _module_preset=&#8220;default&#8220; type=&#8220;1_3&#8243;][et_pb_image src=&#8220;https:\/\/rcds-bonn.de\/wp-content\/uploads\/2024\/07\/2240da30-a683-4a21-baf7-93faff534edb.jpg&#8220; _builder_version=&#8220;4.14.5&#8243; _module_preset=&#8220;default&#8220; title_text=&#8220;2240da30-a683-4a21-baf7-93faff534edb&#8220; hover_enabled=&#8220;0&#8243; sticky_enabled=&#8220;0&#8243;][\/et_pb_image][\/et_pb_column][et_pb_column _builder_version=&#8220;4.14.5&#8243; _module_preset=&#8220;default&#8220; type=&#8220;1_3&#8243;][et_pb_image src=&#8220;https:\/\/rcds-bonn.de\/wp-content\/uploads\/2024\/07\/645ffe5b-b7ed-4770-99bc-27491a179c91.jpg&#8220; _builder_version=&#8220;4.14.5&#8243; _module_preset=&#8220;default&#8220; title_text=&#8220;645ffe5b-b7ed-4770-99bc-27491a179c91&#8243; hover_enabled=&#8220;0&#8243; sticky_enabled=&#8220;0&#8243;][\/et_pb_image][\/et_pb_column][et_pb_column _builder_version=&#8220;4.14.5&#8243; _module_preset=&#8220;default&#8220; type=&#8220;1_3&#8243;][\/et_pb_column][\/et_pb_row][et_pb_row column_structure=&#8220;1_3,1_3,1_3&#8243; _builder_version=&#8220;4.14.5&#8243; _module_preset=&#8220;default&#8220; global_colors_info=&#8220;{}&#8220;][et_pb_column type=&#8220;1_3&#8243; _builder_version=&#8220;4.14.5&#8243; _module_preset=&#8220;default&#8220; global_colors_info=&#8220;{}&#8220;][et_pb_image src=&#8220;https:\/\/rcds-bonn.de\/wp-content\/uploads\/2024\/07\/IMG_7789.jpg&#8220; title_text=&#8220;Screenshot&#8220; _builder_version=&#8220;4.14.5&#8243; _module_preset=&#8220;default&#8220; global_colors_info=&#8220;{}&#8220;][\/et_pb_image][\/et_pb_column][et_pb_column type=&#8220;1_3&#8243; _builder_version=&#8220;4.14.5&#8243; _module_preset=&#8220;default&#8220; global_colors_info=&#8220;{}&#8220;][et_pb_image src=&#8220;https:\/\/rcds-bonn.de\/wp-content\/uploads\/2024\/07\/ff347390-f600-4026-bb9b-a4a6d1aef7c9.jpg&#8220; _builder_version=&#8220;4.14.5&#8243; _module_preset=&#8220;default&#8220; title_text=&#8220;ff347390-f600-4026-bb9b-a4a6d1aef7c9&#8243; hover_enabled=&#8220;0&#8243; sticky_enabled=&#8220;0&#8243;][\/et_pb_image][\/et_pb_column][et_pb_column type=&#8220;1_3&#8243; _builder_version=&#8220;4.14.5&#8243; _module_preset=&#8220;default&#8220; global_colors_info=&#8220;{}&#8220;][et_pb_image src=&#8220;https:\/\/rcds-bonn.de\/wp-content\/uploads\/2024\/07\/4762d6a0-0f3c-4b26-976a-5eb06d93f01c.jpg&#8220; _builder_version=&#8220;4.14.5&#8243; _module_preset=&#8220;default&#8220; title_text=&#8220;4762d6a0-0f3c-4b26-976a-5eb06d93f01c&#8220; hover_enabled=&#8220;0&#8243; sticky_enabled=&#8220;0&#8243;][\/et_pb_image][\/et_pb_column][\/et_pb_row][et_pb_row column_structure=&#8220;1_3,1_3,1_3&#8243; _builder_version=&#8220;4.14.5&#8243; _module_preset=&#8220;default&#8220; global_colors_info=&#8220;{}&#8220;][et_pb_column type=&#8220;1_3&#8243; _builder_version=&#8220;4.14.5&#8243; _module_preset=&#8220;default&#8220; global_colors_info=&#8220;{}&#8220;][et_pb_image src=&#8220;https:\/\/rcds-bonn.de\/wp-content\/uploads\/2024\/06\/IMG_7729.jpeg&#8220; title_text=&#8220;Screenshot&#8220; _builder_version=&#8220;4.14.5&#8243; _module_preset=&#8220;default&#8220; global_colors_info=&#8220;{}&#8220;][\/et_pb_image][\/et_pb_column][et_pb_column type=&#8220;1_3&#8243; _builder_version=&#8220;4.14.5&#8243; _module_preset=&#8220;default&#8220; global_colors_info=&#8220;{}&#8220;][et_pb_image src=&#8220;https:\/\/rcds-bonn.de\/wp-content\/uploads\/2024\/06\/IMG_7731.jpeg&#8220; title_text=&#8220;Screenshot&#8220; _builder_version=&#8220;4.14.5&#8243; _module_preset=&#8220;default&#8220; global_colors_info=&#8220;{}&#8220;][\/et_pb_image][\/et_pb_column][et_pb_column type=&#8220;1_3&#8243; _builder_version=&#8220;4.14.5&#8243; _module_preset=&#8220;default&#8220; global_colors_info=&#8220;{}&#8220;][et_pb_image src=&#8220;https:\/\/rcds-bonn.de\/wp-content\/uploads\/2024\/06\/IMG_7732.jpeg&#8220; title_text=&#8220;Screenshot&#8220; _builder_version=&#8220;4.14.5&#8243; _module_preset=&#8220;default&#8220; global_colors_info=&#8220;{}&#8220;][\/et_pb_image][\/et_pb_column][\/et_pb_row][et_pb_row column_structure=&#8220;1_3,1_3,1_3&#8243; admin_label=&#8220;Zeile&#8220; _builder_version=&#8220;4.14.5&#8243; _module_preset=&#8220;default&#8220; global_colors_info=&#8220;{}&#8220;][et_pb_column type=&#8220;1_3&#8243; admin_label=&#8220;Spalte&#8220; _builder_version=&#8220;4.14.5&#8243; _module_preset=&#8220;default&#8220; global_colors_info=&#8220;{}&#8220;][et_pb_blurb title=&#8220;Senatswahl,   4. &#8211; 25. April &#8220; image=&#8220;http:\/\/rcds-bonn.de\/wp-content\/uploads\/2024\/04\/1.png&#8220; _builder_version=&#8220;4.14.5&#8243; _module_preset=&#8220;default&#8220; locked=&#8220;off&#8220; global_colors_info=&#8220;{}&#8220;]<\/p>\n<p>Zusammen mit der LHG k\u00e4mpfen wir f\u00fcr Stefan Altmanns Wahl in den Senat: w\u00e4hrend den Briefwahlen starten wir im April diverse Aktionen:<br \/>Wir stellen uns euch auf Instagram vor, stellen allen Mensaessern Informationsfyler zur Verf\u00fcgung und machen St\u00e4nde im Juridicum, Poppelsdorf und am Uniklinikum.<\/p>\n<p>[\/et_pb_blurb][et_pb_divider color=&#8220;#0c71c3&#8243; divider_weight=&#8220;7px&#8220; _builder_version=&#8220;4.7.7&#8243; _module_preset=&#8220;default&#8220; global_colors_info=&#8220;{}&#8220;][\/et_pb_divider][\/et_pb_column][et_pb_column type=&#8220;1_3&#8243; admin_label=&#8220;Spalte&#8220; _builder_version=&#8220;4.14.5&#8243; _module_preset=&#8220;default&#8220; global_colors_info=&#8220;{}&#8220;][et_pb_blurb title=&#8220;Mittwoch, 10. April&#8220; image=&#8220;http:\/\/rcds-bonn.de\/wp-content\/uploads\/2024\/04\/PCB.jpg&#8220; _builder_version=&#8220;4.14.5&#8243; _module_preset=&#8220;default&#8220; locked=&#8220;off&#8220; global_colors_info=&#8220;{}&#8220;]<\/p>\n<p>Du hast Lust auf italienische Pizza und lecker Bierchen? Dann freuen wir uns, dich am Mittwoch im Tuscolo kennenzulernen!<\/p>\n<p>&nbsp;<\/p>\n<p>[\/et_pb_blurb][et_pb_blurb title=&#8220;Mittwoch, 27. M\u00e4rz&#8220; image=&#8220;http:\/\/rcds-bonn.de\/wp-content\/uploads\/2024\/04\/Get-Together.jpg&#8220; _builder_version=&#8220;4.14.5&#8243; _module_preset=&#8220;default&#8220; locked=&#8220;off&#8220; global_colors_info=&#8220;{}&#8220;]<\/p>\n<p>Das Sommersemester startet bald, wir wollen uns schonmal darauf einstimmen: am 27.03 im James Joyce. Wir freuen uns auf euch!<\/p>\n<p>&nbsp;<\/p>\n<p>[\/et_pb_blurb][\/et_pb_column][et_pb_column type=&#8220;1_3&#8243; admin_label=&#8220;Spalte&#8220; _builder_version=&#8220;4.14.5&#8243; _module_preset=&#8220;default&#8220; global_colors_info=&#8220;{}&#8220;][et_pb_blurb title=&#8220;Dienstag, 16. April&#8220; image=&#8220;https:\/\/rcds-bonn.de\/wp-content\/uploads\/2024\/04\/WhatsApp-Image-2024-04-16-at-09.14.50.jpeg&#8220; _builder_version=&#8220;4.14.5&#8243; _module_preset=&#8220;default&#8220; global_colors_info=&#8220;{}&#8220;]<\/p>\n<p>Wir freuen uns, auf unserer n\u00e4chsten Mitgliederversammlung mit Guido Deus \u00fcber das Bonner Studentenleben zu sprechen!<\/p>\n<p>[\/et_pb_blurb][et_pb_blurb title=&#8220;RCDS wieder stark ins Studierendenparlament gew\u00e4hlt.&#8220; image=&#8220;http:\/\/rcds-bonn.de\/wp-content\/uploads\/2024\/04\/Screenshot-128.png&#8220; _builder_version=&#8220;4.14.5&#8243; _module_preset=&#8220;default&#8220; custom_margin=&#8220;||27px|||&#8220; global_colors_info=&#8220;{}&#8220;]<\/p>\n<p>Bei der diesj\u00e4hrigen Wahl des Studierendenparlaments sicherten wir uns 7 starke Sitze. Auf dieser Grundlage werden wir auch 2024 wieder konstruktive Hochschulpoltik f\u00fcr Dich machen. Vielen Dank an alle, die uns gew\u00e4hlt haben!<\/p>\n<p>[\/et_pb_blurb][et_pb_divider color=&#8220;#0c71c3&#8243; divider_weight=&#8220;7px&#8220; _builder_version=&#8220;4.7.7&#8243; _module_preset=&#8220;default&#8220; global_colors_info=&#8220;{}&#8220;][\/et_pb_divider][\/et_pb_column][\/et_pb_row][et_pb_row admin_label=&#8220;Zeile&#8220; _builder_version=&#8220;4.14.5&#8243; _module_preset=&#8220;default&#8220; custom_margin=&#8220;|auto|-146px|auto||&#8220; global_colors_info=&#8220;{}&#8220;][et_pb_column type=&#8220;4_4&#8243; _builder_version=&#8220;4.14.5&#8243; _module_preset=&#8220;default&#8220; global_colors_info=&#8220;{}&#8220;][dsm_text_divider header=&#8220;Review 2022&#8243; text_alignment=&#8220;left&#8220; color=&#8220;#0c71c3&#8243; _builder_version=&#8220;4.14.5&#8243; _module_preset=&#8220;default&#8220; header_font_size=&#8220;35px&#8220; custom_margin=&#8220;|-447px||||&#8220; global_colors_info=&#8220;{}&#8220;][\/dsm_text_divider][et_pb_divider color=&#8220;#0c71c3&#8243; divider_weight=&#8220;7px&#8220; _builder_version=&#8220;4.7.7&#8243; _module_preset=&#8220;default&#8220; global_colors_info=&#8220;{}&#8220;][\/et_pb_divider][\/et_pb_column][\/et_pb_row][et_pb_row column_structure=&#8220;1_3,1_3,1_3&#8243; admin_label=&#8220;Zeile&#8220; _builder_version=&#8220;4.14.5&#8243; _module_preset=&#8220;default&#8220; custom_margin=&#8220;114px|auto||auto||&#8220; custom_padding=&#8220;41px|||||&#8220; global_colors_info=&#8220;{}&#8220;][et_pb_column type=&#8220;1_3&#8243; admin_label=&#8220;Spalte&#8220; _builder_version=&#8220;4.14.5&#8243; _module_preset=&#8220;default&#8220; global_colors_info=&#8220;{}&#8220;][et_pb_blurb title=&#8220;Klausurtagung&#8220; image=&#8220;http:\/\/rcds-bonn.de\/wp-content\/uploads\/2021\/09\/image.png&#8220; _builder_version=&#8220;4.14.5&#8243; _module_preset=&#8220;default&#8220; locked=&#8220;off&#8220; global_colors_info=&#8220;{}&#8220;]<\/p>\n<p>Kick-off f\u00fcr den Wahlkampf zum Studierendenparlament: Am 26. November haben wir im Rahmen einer intensiven inhaltlichen Tagung das Programm f\u00fcr die anstehende Wahl zum SP beschlossen. Wir freuen uns nun den Wahlkampf anzugehen und euch in den kommenden Tagen unser Programm vorzustellen. Die Wahl findet vom 16. bis zum 19. Januar 2023 statt.<\/p>\n<p>[\/et_pb_blurb][et_pb_blurb title=&#8220;Pizza Cola Bier&#8220; image=&#8220;http:\/\/rcds-bonn.de\/wp-content\/uploads\/2022\/11\/Pizza-Cola-Bier.jpeg&#8220; _builder_version=&#8220;4.14.5&#8243; _module_preset=&#8220;default&#8220; custom_margin=&#8220;||27px|||&#8220; locked=&#8220;off&#8220; global_colors_info=&#8220;{}&#8220;]<\/p>\n<p>Am Donnerstag, den 03. November 2022 fand im Tuscolo M\u00fcnsterblick unsere traditionelle Kennenlernen-Aktion zum Start des Wintersemesters statt. Es hat uns gefreut, mit vielen Interessierten und \u201ealten\u201c und neuen Mitgliedern in geselliger Runde \u00fcber Hochschulpolitik zu diskutieren. Falls Du das Event verpasst hast, kein Problem: Schreib uns einfach \u00fcber Social Media, wenn Du Lust und Interesse hast, Dich im RCDS zu engagieren.<\/p>\n<p>[\/et_pb_blurb][et_pb_divider color=&#8220;#0c71c3&#8243; divider_weight=&#8220;7px&#8220; _builder_version=&#8220;4.7.7&#8243; _module_preset=&#8220;default&#8220; global_colors_info=&#8220;{}&#8220;][\/et_pb_divider][\/et_pb_column][et_pb_column type=&#8220;1_3&#8243; admin_label=&#8220;Spalte&#8220; _builder_version=&#8220;4.14.5&#8243; _module_preset=&#8220;default&#8220; global_colors_info=&#8220;{}&#8220;][et_pb_blurb title=&#8220;3. MV mit Vorstandsneuwahl&#8220; image=&#8220;http:\/\/rcds-bonn.de\/wp-content\/uploads\/2021\/09\/image.png&#8220; _builder_version=&#8220;4.14.5&#8243; _module_preset=&#8220;default&#8220; locked=&#8220;off&#8220; global_colors_info=&#8220;{}&#8220;]<\/p>\n<p>Zum Abschluss des Sommersemesters 2022 fand unsere 2. Mitgliedsversammlung statt. Dort wurde neben inhaltlicher Arbeit auch ein neuer <a href=\"http:\/\/rcds-bonn.de\/wer-wir-sind\/\">Vorstand<\/a> f\u00fcr das kommende Semester gew\u00e4hlt. Neuer Vorsitzender ist Tim Heimann, Stellvertreter Timo Krautwig und Schatzmeisterin Berit Bekermann. Wir bedanken uns ganz herzlich bei dem bisherigen Vorstand um Clara M\u00fcller. Wir gratulieren allen Gew\u00e4hlten und w\u00fcnschen viel Erfolg!<\/p>\n<p>[\/et_pb_blurb][\/et_pb_column][et_pb_column type=&#8220;1_3&#8243; _builder_version=&#8220;4.14.5&#8243; _module_preset=&#8220;default&#8220; global_colors_info=&#8220;{}&#8220;][et_pb_blurb image=&#8220;http:\/\/rcds-bonn.de\/wp-content\/uploads\/2022\/04\/WhatsApp-Image-2022-04-29-at-08.52.41.jpeg&#8220; _builder_version=&#8220;4.14.5&#8243; _module_preset=&#8220;default&#8220; custom_margin=&#8220;||27px|||&#8220; global_colors_info=&#8220;{}&#8220;]<\/p>\n<p>Dieses Semester fand unsere traditionelle Kennenlern-Veranstaltung mit Gratis-Pizza und rabattierten Kaltgetr\u00e4nken im Tuscolo M\u00fcnsterblick statt und war wieder einmal ein voller Erfolg!<\/p>\n<p>[\/et_pb_blurb][et_pb_blurb title=&#8220;2. MV mit Vorstandsneuwahl&#8220; image=&#8220;http:\/\/rcds-bonn.de\/wp-content\/uploads\/2022\/02\/Unbenannt.png&#8220; _builder_version=&#8220;4.14.5&#8243; _module_preset=&#8220;default&#8220; global_colors_info=&#8220;{}&#8220;]<\/p>\n<p>Am 11.02.2022 haben wir uns sehr herzlich von unserem bisherigen Vorstand verabschiedet und danken ihm auch an dieser Stelle noch einmal f\u00fcr seine sehr engagierte Arbeit. Unsen neuen <a href=\"http:\/\/rcds-bonn.de\/wer-wir-sind\/\">Vorstand<\/a> bilden Clara M\u00fcller, Tim Heimann und Berit Bekermann. Wir gratulieren allen Gew\u00e4hlten und w\u00fcnschen ihnen eine erfolgreiche Zeit.<\/p>\n<p>[\/et_pb_blurb][et_pb_blurb title=&#8220;1. Mitgliederversammlung 2022&#8243; _builder_version=&#8220;4.14.5&#8243; _module_preset=&#8220;default&#8220; min_height=&#8220;179px&#8220; custom_padding=&#8220;||0px|||&#8220; locked=&#8220;off&#8220; global_colors_info=&#8220;{}&#8220;]<\/p>\n<p>Am 14.01.2022 fand unsere Mitgliederversammlung online statt. Zentrale Themen waren die bevorstehende SP-Wahl sowie die Vorg\u00e4nge um die HSG Impuls. \u00a0 Au\u00dferdem konnten wir 13 Neumitglieder aufnehmen &#8211; ein starker Start ins neue Jahr!<\/p>\n<p>[\/et_pb_blurb][et_pb_blurb image=&#8220;http:\/\/rcds-bonn.de\/wp-content\/uploads\/2022\/01\/Screenshot-2022-01-24-191446.png&#8220; _builder_version=&#8220;4.14.5&#8243; _module_preset=&#8220;default&#8220; custom_margin=&#8220;||27px|||&#8220; global_colors_info=&#8220;{}&#8220;]<\/p>\n<p>Bei der diesj\u00e4hrigen <a href=\"http:\/\/rcds-bonn.de\/wahl-2021\/\">SP-Wahl<\/a> sicherten wir uns wieder 6 Sitze im Vertretungsorgan der Bonner Studierendenschaft. Auf dieser Grundlage werden wir auch in Legislatur konstruktive Hochschulpoltik f\u00fcr Dich machen. Herzlichen Dank an alle, die uns gew\u00e4hlt haben!<\/p>\n<p>[\/et_pb_blurb][et_pb_divider color=&#8220;#0c71c3&#8243; divider_weight=&#8220;7px&#8220; _builder_version=&#8220;4.7.7&#8243; _module_preset=&#8220;default&#8220; global_colors_info=&#8220;{}&#8220;][\/et_pb_divider][\/et_pb_column][\/et_pb_row][et_pb_row column_structure=&#8220;1_2,1_2&#8243; _builder_version=&#8220;4.14.5&#8243; _module_preset=&#8220;default&#8220; custom_padding=&#8220;|||43px||&#8220; global_colors_info=&#8220;{}&#8220;][et_pb_column type=&#8220;1_2&#8243; _builder_version=&#8220;4.7.7&#8243; _module_preset=&#8220;default&#8220; global_colors_info=&#8220;{}&#8220;][dsm_text_divider header=&#8220;Review 2021&#8243; text_alignment=&#8220;left&#8220; color=&#8220;#0c71c3&#8243; _builder_version=&#8220;4.14.5&#8243; _module_preset=&#8220;default&#8220; header_font_size=&#8220;35px&#8220; custom_margin=&#8220;|0px||||&#8220; global_colors_info=&#8220;{}&#8220;][\/dsm_text_divider][et_pb_blurb image=&#8220;http:\/\/rcds-bonn.de\/wp-content\/uploads\/2022\/01\/PizzaColaBier.jpeg&#8220; _builder_version=&#8220;4.14.5&#8243; _module_preset=&#8220;default&#8220; custom_margin=&#8220;||27px|||&#8220; global_colors_info=&#8220;{}&#8220;]<\/p>\n<p>Dieses Semester fand unsere traditionelle Kennenlern-Veranstaltung mit Gratis-Pizza und rabattierten Kaltgetr\u00e4nken im Tuscolo M\u00fcnsterblick statt und war trotz Pandemie ein voller Erfolg!<\/p>\n<p>[\/et_pb_blurb][et_pb_divider color=&#8220;#0c71c3&#8243; divider_weight=&#8220;7px&#8220; _builder_version=&#8220;4.7.7&#8243; _module_preset=&#8220;default&#8220; global_colors_info=&#8220;{}&#8220;][\/et_pb_divider][et_pb_blurb title=&#8220;Mitgliederversammlung mit Wahlen&#8220; image=&#8220;http:\/\/rcds-bonn.de\/wp-content\/uploads\/2022\/01\/Unbenannt.png&#8220; _builder_version=&#8220;4.14.5&#8243; _module_preset=&#8220;default&#8220; global_colors_info=&#8220;{}&#8220;]<\/p>\n<p>Am 06.10.2021 haben wir unsere hybride Mitgleiderversammlung abgehalten, bei der ein neuer Vorstand gew\u00e4hlt wurde. Vorsitzender blieb Dasdin Duman. Sein Stellvertreter wurde unser bisheriger Gesch\u00e4ftsf\u00fchrer Noah Schweins. Unsere Schatzmeisterin hei\u00dft weiterhin Clara M\u00fcller. Au\u00dferdem begr\u00fc\u00dfen wir vier Neumitglieder. Herzlich Willkommen und an die Gew\u00e4hlten noch einmal herzlichen Gl\u00fcckwunsch!<\/p>\n<p>[\/et_pb_blurb][et_pb_divider color=&#8220;#0c71c3&#8243; divider_weight=&#8220;7px&#8220; _builder_version=&#8220;4.7.7&#8243; _module_preset=&#8220;default&#8220; custom_margin=&#8220;7px|||||&#8220; global_colors_info=&#8220;{}&#8220;][\/et_pb_divider][et_pb_blurb title=&#8220;Zwischen Reformstau und Fels in der Brandung: Die Katholische Kirche im Wandel&#8220; image=&#8220;http:\/\/rcds-bonn.de\/wp-content\/uploads\/2021\/09\/Foto-3.jpeg&#8220; _builder_version=&#8220;4.13.0&#8243; _module_preset=&#8220;default&#8220; global_colors_info=&#8220;{}&#8220;]<\/p>\n<div class=\"\">Dr. Christoph Jasper ist Kaplan und Stadtjugendseelsorger. Die Entwicklung der katholischen Kirche der vergangenen Wochen und Monate war unser Thema bei der gem\u00fctlichen Sitzrunde (in Pr\u00e4senz!).<\/div>\n<div class=\"\">Muss sich die Kirche Reformen unterziehen oder ist sie weiterhin ein Fels in der Brandung?<\/div>\n<div class=\"\">Am Abend haben wir uns dar\u00fcber lebhaft ausgetauscht, denn f\u00fcr uns spielt das christliche Menschenbild als Wertefundament eine gewichtige Rolle.<\/div>\n<p>[\/et_pb_blurb][et_pb_divider color=&#8220;#0c71c3&#8243; divider_weight=&#8220;7px&#8220; _builder_version=&#8220;4.7.7&#8243; _module_preset=&#8220;default&#8220; global_colors_info=&#8220;{}&#8220;][\/et_pb_divider][et_pb_blurb title=&#8220;Rhein-Spree Gespr\u00e4ch&#8220; image=&#8220;http:\/\/rcds-bonn.de\/wp-content\/uploads\/2021\/09\/Foto-1.jpeg&#8220; _builder_version=&#8220;4.13.0&#8243; _module_preset=&#8220;default&#8220; global_colors_info=&#8220;{}&#8220;]<\/p>\n<p><span>Gemeinsam mit unseren Freunden vom RCDS-FU Berlin hatten wir am 20. Mai eine Veranstaltung mit Brigitte Baumeister, ehemalige Bundestagsabgeordnete und wesentliche Akteurin des Prozesses rund um das Berlin-Bonn-Gesetz. Wir konnten tiefergehende Einblicke in die Entstehung des Gesetzes, aber auch den Umzug des Deutschen Bundestages von Bonn nach Berlin erhalten. Zum Schluss haben wir eine Zukunftsprognose f\u00fcr unsere Bundesstadt Bonn gewagt in welcher wir festgestellt haben, dass wesentliche Bestandteile der ans\u00e4ssigen Ministerien weiterhin im Rheinland eine Zukunft haben.<\/span><\/p>\n<p>[\/et_pb_blurb][\/et_pb_column][et_pb_column type=&#8220;1_2&#8243; _builder_version=&#8220;4.7.7&#8243; _module_preset=&#8220;default&#8220; global_colors_info=&#8220;{}&#8220;][et_pb_blurb image=&#8220;http:\/\/rcds-bonn.de\/wp-content\/uploads\/2022\/01\/Kneipentour.jpeg&#8220; _builder_version=&#8220;4.14.5&#8243; _module_preset=&#8220;default&#8220; custom_margin=&#8220;||27px|||&#8220; global_colors_info=&#8220;{}&#8220;][\/et_pb_blurb][et_pb_divider color=&#8220;#0c71c3&#8243; divider_weight=&#8220;7px&#8220; _builder_version=&#8220;4.7.7&#8243; _module_preset=&#8220;default&#8220; global_colors_info=&#8220;{}&#8220;][\/et_pb_divider][et_pb_blurb title=&#8220;Wanderung im Siebengebirge&#8220; image=&#8220;http:\/\/rcds-bonn.de\/wp-content\/uploads\/2021\/09\/WhatsApp-Image-2021-09-15-at-18.51.40.jpeg&#8220; _builder_version=&#8220;4.13.0&#8243; _module_preset=&#8220;default&#8220; global_colors_info=&#8220;{}&#8220;]<\/p>\n<p>Los ging die Wanderung im, laut dem \u00f6rtlichen Abgeordneten, sch\u00f6nsten Bundestagswahlkreis Deutschlands. In K\u00f6nigswinter, Wahlkreis von Doktor Norbert R\u00f6ttgen, sind wir mit unserer Wanderung gestartet. Gemeinsam ging es f\u00fcr uns hoch hinaus zum Drachenfels, wo auf uns ein k\u00fchles Bier gewartet hat. Lockere Gespr\u00e4che umrahmt von politischen Diskussionen haben den Tag gepr\u00e4gt. Nach mehreren Stunden der Wanderung, haben wir uns gemeinsam von K\u00f6nigswinter verabschiedet und sind wieder in die sch\u00f6nste Stadt am Rhein, unserem Bonn, gefahren.<\/p>\n<p>[\/et_pb_blurb][et_pb_divider color=&#8220;#0C71C3&#8243; divider_weight=&#8220;7px&#8220; _builder_version=&#8220;4.10.8&#8243; _module_preset=&#8220;default&#8220; global_colors_info=&#8220;{}&#8220;][\/et_pb_divider][et_pb_blurb title=&#8220;Die Zukunft der Volksparteien &#8220; image=&#8220;http:\/\/rcds-bonn.de\/wp-content\/uploads\/2021\/09\/Foto-2.jpeg&#8220; _builder_version=&#8220;4.13.0&#8243; _module_preset=&#8220;default&#8220; global_colors_info=&#8220;{}&#8220;]<\/p>\n<div class=\"\">Wie werden sich unsere Volksparteien entwickeln und haben sie \u00fcberhaupt noch eine Zukunft?<\/div>\n<div class=\"\">Dr. Wolfgang Sch\u00e4uble, Pr\u00e4sident des Deutschen Bundestages, ist mit uns in eine Diskussion \u00fcber die Zukunft unseres parteipolitischen Systems getreten. Wir konnte viel von seinen Einsch\u00e4tzungen \u00fcber die Entwicklung der vergangenen Jahre lernen und haben Fragen \u00fcber seine Einsch\u00e4tzung der Nachhaltigkeit der deutschen Volksparteien und ihre Relevanz gestellt.<\/div>\n<div class=\"\">Das Fazit: Unsere Volksparteien sind ein essentieller und stabilisierender Faktor unserer Demokratie. F\u00fcr sie einzutreten bedeutet auch immer f\u00fcr die Demokratie einzutreten.<\/div>\n<p>[\/et_pb_blurb][et_pb_divider color=&#8220;#0c71c3&#8243; divider_weight=&#8220;7px&#8220; _builder_version=&#8220;4.7.7&#8243; _module_preset=&#8220;default&#8220; global_colors_info=&#8220;{}&#8220;][\/et_pb_divider][et_pb_text _builder_version=&#8220;4.7.7&#8243; _module_preset=&#8220;default&#8220; inline_fonts=&#8220;CDU&#8220; global_colors_info=&#8220;{}&#8220;]<\/p>\n<h2><span style=\"font-family: CDU; font-weight: normal;\"><strong>Digitaler Stammtisch<\/strong><\/span><\/h2>\n<p>Am 23. M\u00e4rz fand der mittlerweile traditionelle gemeinsame (digitale) Stammtisch des RCDS-Bonn mit dem RCDS-M\u00fcnster statt. Diesmal haben wir ein 30-Fragen Quiz vorbereitet, in welchem wir unser gegenseitiges Wissen \u00fcber die St\u00e4dte Bonn und M\u00fcnster getestet haben. Im Anschluss haben wir uns in verschiedenen Breakout Rooms zusammengefunden und den Abend gem\u00fctlich ausklingen lassen.<\/p>\n<p>[\/et_pb_text][et_pb_divider color=&#8220;#0c71c3&#8243; divider_weight=&#8220;7px&#8220; _builder_version=&#8220;4.7.7&#8243; _module_preset=&#8220;default&#8220; global_colors_info=&#8220;{}&#8220;][\/et_pb_divider][et_pb_blurb title=&#8220;Bundesvorstand zu Besuch&#8220; image=&#8220;http:\/\/rcds-bonn.de\/wp-content\/uploads\/2021\/09\/Foto-4-peg.jpeg&#8220; _builder_version=&#8220;4.13.0&#8243; _module_preset=&#8220;default&#8220; global_colors_info=&#8220;{}&#8220;]<\/p>\n<div class=\"\">Der RCDS-Bundesvorstand hat im Rahmen seiner Campus Tour auch in Bonn Rast gemacht!<\/div>\n<div class=\"\">Nach eine Vortrag \u00fcber politischen Extremismus haben wir eine kleine Stadtf\u00fchrung gegeben und den Abend traditionell im Brauhaus B\u00f6nnsch ausklingen lassen.<\/div>\n<p>[\/et_pb_blurb][\/et_pb_column][\/et_pb_row][\/et_pb_section]<\/p>\n","protected":false},"excerpt":{"rendered":"<p><div class=\"et_pb_module dsm_text_divider dsm_text_divider_0\">\n\t\t\t\t\n\t\t\t\t\n\t\t\t\t\n\t\t\t\t\n\t\t\t\t<div class=\"et_pb_module_inner\">\n\t\t\t\t\t<div class=\"dsm-text-divider-wrapper dsm-text-divider-align-left et_pb_bg_layout_light\">\n\t\t\t\t\n\t\t\t\t\n\t\t\t\t<div class=\"dsm-text-divider-before dsm-divider\"><\/div>\n\t\t\t\t<h3 class=\"dsm-text-divider-header et_pb_module_header\"><span>2024<\/span><\/h3>\n\t\t\t\t<div class=\"dsm-text-divider-after dsm-divider\"><\/div>\n\t\t\t<\/div>\n\t\t\t\t<\/div>\n\t\t\t<\/div>Zusammen mit der LHG k\u00e4mpfen wir f\u00fcr Stefan Altmanns Wahl in den Senat: w\u00e4hrend den Briefwahlen starten wir im April diverse Aktionen:Wir stellen uns euch auf Instagram vor, stellen allen Mensaessern Informationsfyler zur Verf\u00fcgung und machen St\u00e4nde im Juridicum, Poppelsdorf und am Uniklinikum.Du hast [&hellip;]<\/p>\n","protected":false},"author":1,"featured_media":0,"parent":0,"menu_order":0,"comment_status":"closed","ping_status":"closed","template":"","meta":{"_et_pb_use_builder":"on","_et_pb_old_content":"","_et_gb_content_width":"","footnotes":""},"class_list":["post-2177","page","type-page","status-publish","hentry"],"_links":{"self":[{"href":"https:\/\/rcds-bonn.de\/index.php?rest_route=\/wp\/v2\/pages\/2177","targetHints":{"allow":["GET"]}}],"collection":[{"href":"https:\/\/rcds-bonn.de\/index.php?rest_route=\/wp\/v2\/pages"}],"about":[{"href":"https:\/\/rcds-bonn.de\/index.php?rest_route=\/wp\/v2\/types\/page"}],"author":[{"embeddable":true,"href":"https:\/\/rcds-bonn.de\/index.php?rest_route=\/wp\/v2\/users\/1"}],"replies":[{"embeddable":true,"href":"https:\/\/rcds-bonn.de\/index.php?rest_route=%2Fwp%2Fv2%2Fcomments&post=2177"}],"version-history":[{"count":43,"href":"https:\/\/rcds-bonn.de\/index.php?rest_route=\/wp\/v2\/pages\/2177\/revisions"}],"predecessor-version":[{"id":2841,"href":"https:\/\/rcds-bonn.de\/index.php?rest_route=\/wp\/v2\/pages\/2177\/revisions\/2841"}],"wp:attachment":[{"href":"https:\/\/rcds-bonn.de\/index.php?rest_route=%2Fwp%2Fv2%2Fmedia&parent=2177"}],"curies":[{"name":"wp","href":"https:\/\/api.w.org\/{rel}","templated":true}]}}