{"id":2901,"date":"2025-03-29T12:59:16","date_gmt":"2025-03-29T11:59:16","guid":{"rendered":"https:\/\/rcds-bonn.de\/?page_id=2901"},"modified":"2025-03-29T12:59:17","modified_gmt":"2025-03-29T11:59:17","slug":"impressum","status":"publish","type":"page","link":"https:\/\/rcds-bonn.de\/?page_id=2901","title":{"rendered":"Impressum"},"content":{"rendered":"\n<p>Herausgeber dieser Webseiten ist der <strong>Ring Christlich-Demokratischer Studenten an der Universit\u00e4t Bonn e.V.<\/strong><\/p>\n\n\n\n<p>Vertreten durch:<br>&#8211; Vorsitzender<br>&#8211; stellvertretender Vorsitzender<br>&#8211; Schatzmeister<br><br>siehe <a href=\"https:\/\/rcds-bonn.de\/?page_id=1511\" data-type=\"page\" data-id=\"1511\">Vorstand<\/a><\/p>\n\n\n\n<p>Carl-Troll-Str. 63, 53115 Bonn<br>Telefon: +49 176 34451999<br>E-Mail: info@rcds-bonn.de<\/p>\n\n\n\n<p class=\"has-medium-font-size\">Haftung f\u00fcr externe Links<\/p>\n\n\n\n<p class=\"has-small-font-size\">Unsere Webseite enth\u00e4lt Links zu externen Webseiten Dritter, auf deren Inhalte wir keinen Einfluss haben. Deshalb k\u00f6nnen wir f\u00fcr externe Inhalte keine Haftung \u00fcbernehmen. Verantwortlich ist ausschlie\u00dflich der Betreiber der anderen Webseite. Die externen Seiten wurden zum Zeitpunkt der Verlinkung auf m\u00f6gliche Rechtsverst\u00f6\u00dfe \u00fcberpr\u00fcft. Solche waren zu diesem Zeitpunkt nicht erkennbar.<\/p>\n\n\n\n<p class=\"has-medium-font-size\">Urheberrecht<\/p>\n\n\n\n<p>Inhalte unserer Webseiten sind urheberrechtlich gesch\u00fctzte Werke. Jede Vervielf\u00e4ltigung und Verbreitung, die \u00fcber die private Nutzung hinausgeht bedarf der Zustimmung des Vereins bzw. des jeweiligen Autors.<\/p>\n\n\n\n<p>Soweit die Inhalte dieser Webseite nicht vom Betreiber erstellt wurden, werden die Urheberrechte Dritter beachtet. Insbesondere werden Inhalte Dritter als solche gekennzeichnet. Sollten dennoch Rechtsverletzungen vorliegen, bitten wir um entsprechenden Hinweis.<\/p>\n","protected":false},"excerpt":{"rendered":"<p>Herausgeber dieser Webseiten ist der Ring Christlich-Demokratischer Studenten an der Universit\u00e4t Bonn e.V. Vertreten durch:&#8211; Vorsitzender&#8211; stellvertretender Vorsitzender&#8211; Schatzmeister siehe Vorstand Carl-Troll-Str. 63, 53115 BonnTelefon: +49 176 34451999E-Mail: info@rcds-bonn.de Haftung f\u00fcr externe Links Unsere Webseite enth\u00e4lt Links zu externen Webseiten Dritter, auf deren Inhalte wir keinen Einfluss haben. Deshalb k\u00f6nnen wir f\u00fcr externe Inhalte keine [&hellip;]<\/p>\n","protected":false},"author":1,"featured_media":0,"parent":0,"menu_order":0,"comment_status":"closed","ping_status":"closed","template":"","meta":{"_et_pb_use_builder":"off","_et_pb_old_content":"","_et_gb_content_width":"","footnotes":""},"class_list":["post-2901","page","type-page","status-publish","hentry"],"_links":{"self":[{"href":"https:\/\/rcds-bonn.de\/index.php?rest_route=\/wp\/v2\/pages\/2901","targetHints":{"allow":["GET"]}}],"collection":[{"href":"https:\/\/rcds-bonn.de\/index.php?rest_route=\/wp\/v2\/pages"}],"about":[{"href":"https:\/\/rcds-bonn.de\/index.php?rest_route=\/wp\/v2\/types\/page"}],"author":[{"embeddable":true,"href":"https:\/\/rcds-bonn.de\/index.php?rest_route=\/wp\/v2\/users\/1"}],"replies":[{"embeddable":true,"href":"https:\/\/rcds-bonn.de\/index.php?rest_route=%2Fwp%2Fv2%2Fcomments&post=2901"}],"version-history":[{"count":6,"href":"https:\/\/rcds-bonn.de\/index.php?rest_route=\/wp\/v2\/pages\/2901\/revisions"}],"predecessor-version":[{"id":2909,"href":"https:\/\/rcds-bonn.de\/index.php?rest_route=\/wp\/v2\/pages\/2901\/revisions\/2909"}],"wp:attachment":[{"href":"https:\/\/rcds-bonn.de\/index.php?rest_route=%2Fwp%2Fv2%2Fmedia&parent=2901"}],"curies":[{"name":"wp","href":"https:\/\/api.w.org\/{rel}","templated":true}]}}